{"id":986,"date":"2019-09-26T13:53:50","date_gmt":"2019-09-26T11:53:50","guid":{"rendered":"http:\/\/hotel-klostergarten.eu.w0194888.kasserver.com\/?page_id=986"},"modified":"2019-09-26T13:56:17","modified_gmt":"2019-09-26T11:56:17","slug":"imprint","status":"publish","type":"page","link":"https:\/\/hotel-klostergarten.eu\/en\/imprint\/","title":{"rendered":"Imprint"},"content":{"rendered":"\n<style type=\"text\/css\" data-created_by=\"avia_inline_auto\" id=\"style-css-av-akg7gn-6068fee39471285b55e673daac27851d\">\n.avia-section.av-akg7gn-6068fee39471285b55e673daac27851d{\nbackground-repeat:no-repeat;\nbackground-image:url(https:\/\/hotel-klostergarten.eu\/wp-content\/uploads\/2015\/07\/modern-home-1500x630.jpg);\nbackground-position:50% 100%;\nbackground-attachment:scroll;\n}\n<\/style>\n<div id='av_section_1'  class='avia-section av-akg7gn-6068fee39471285b55e673daac27851d main_color avia-section-default avia-no-shadow  avia-builder-el-0  el_before_av_section  avia-builder-el-first  avia-full-stretch avia-bg-style-scroll av-minimum-height av-minimum-height-custom av-height-custom  container_wrap fullsize'  data-section-bg-repeat='stretch' data-av_minimum_height_px='250'><div class='container av-section-cont-open' style='height:250px'><main  role=\"main\" itemprop=\"mainContentOfPage\"  class='template-page content  av-content-full alpha units'><div class='post-entry post-entry-type-page post-entry-986'><div class='entry-content-wrapper clearfix'>\n<\/div><\/div><\/main><!-- close content main element --><\/div><\/div>\n<style type=\"text\/css\" data-created_by=\"avia_inline_auto\" id=\"style-css-av-abawiv-4dfe4ff327b107e7e9bd2a6799ddb28d\">\n.avia-section.av-abawiv-4dfe4ff327b107e7e9bd2a6799ddb28d{\nbackground-repeat:no-repeat;\nbackground-image:url(https:\/\/hotel-klostergarten.eu\/wp-content\/uploads\/2015\/07\/ornament-bg-top-small-1.png);\nbackground-position:50% 0%;\nbackground-attachment:scroll;\n}\n.avia-section.av-abawiv-4dfe4ff327b107e7e9bd2a6799ddb28d .av-extra-border-element .av-extra-border-inner{\nbackground-color:#ffffff;\n}\n<\/style>\n<div id='av_section_2'  class='avia-section av-abawiv-4dfe4ff327b107e7e9bd2a6799ddb28d main_color avia-section-huge avia-no-border-styling  avia-builder-el-1  el_after_av_section  avia-builder-el-last  avia-full-contain avia-bg-style-scroll av-arrow-down-section container_wrap fullsize'  data-section-bg-repeat='contain'><div class='container av-section-cont-open' ><div class='template-page content  av-content-full alpha units'><div class='post-entry post-entry-type-page post-entry-986'><div class='entry-content-wrapper clearfix'>\n\n<style type=\"text\/css\" data-created_by=\"avia_inline_auto\" id=\"style-css-av-a6m5of-5aab8a952307489f9e7dc3a13d0978e1\">\n#top .flex_column.av-a6m5of-5aab8a952307489f9e7dc3a13d0978e1{\nmargin-top:-200px;\nmargin-bottom:0px;\n}\n.flex_column.av-a6m5of-5aab8a952307489f9e7dc3a13d0978e1{\nborder-radius:0px 0px 0px 0px;\npadding:30px 30px 30px 30px;\nbackground-color:#ffffff;\n}\n.responsive #top #wrap_all .flex_column.av-a6m5of-5aab8a952307489f9e7dc3a13d0978e1{\nmargin-top:-200px;\nmargin-bottom:0px;\n}\n<\/style>\n<div  class='flex_column av-a6m5of-5aab8a952307489f9e7dc3a13d0978e1 av_one_full  avia-builder-el-2  el_before_av_hr  avia-builder-el-first  first flex_column_div  '     ><style type=\"text\/css\" data-created_by=\"avia_inline_auto\" id=\"style-css-av-k10n5yj1-5140409956ed08ec57531d1bed72a2af\">\n#top .av-special-heading.av-k10n5yj1-5140409956ed08ec57531d1bed72a2af{\npadding-bottom:20px;\nfont-size:40px;\n}\nbody .av-special-heading.av-k10n5yj1-5140409956ed08ec57531d1bed72a2af .av-special-heading-tag .heading-char{\nfont-size:25px;\n}\n#top #wrap_all .av-special-heading.av-k10n5yj1-5140409956ed08ec57531d1bed72a2af .av-special-heading-tag{\nfont-size:40px;\n}\n.av-special-heading.av-k10n5yj1-5140409956ed08ec57531d1bed72a2af .av-subheading{\nfont-size:15px;\n}\n\n@media only screen and (min-width: 480px) and (max-width: 767px){ \n#top #wrap_all .av-special-heading.av-k10n5yj1-5140409956ed08ec57531d1bed72a2af .av-special-heading-tag{\nfont-size:0.8em;\n}\n}\n\n@media only screen and (max-width: 479px){ \n#top #wrap_all .av-special-heading.av-k10n5yj1-5140409956ed08ec57531d1bed72a2af .av-special-heading-tag{\nfont-size:0.8em;\n}\n}\n<\/style>\n<div  class='av-special-heading av-k10n5yj1-5140409956ed08ec57531d1bed72a2af av-special-heading-h1 blockquote modern-quote modern-centered  avia-builder-el-3  avia-builder-el-no-sibling  av-inherit-size'><h1 class='av-special-heading-tag '  itemprop=\"headline\"  >Imprint<\/h1><div class=\"special-heading-border\"><div class=\"special-heading-inner-border\"><\/div><\/div><\/div><\/div>\n<style type=\"text\/css\" data-created_by=\"avia_inline_auto\" id=\"style-css-av-9sjihb-0330d60b2a22965e351dfcabc39af99d\">\n#top .hr.av-9sjihb-0330d60b2a22965e351dfcabc39af99d{\nmargin-top:0px;\nmargin-bottom:70px;\n}\n.hr.av-9sjihb-0330d60b2a22965e351dfcabc39af99d .hr-inner{\nwidth:50px;\nborder-color:#f8f8f8;\nmax-width:45%;\n}\n.hr.av-9sjihb-0330d60b2a22965e351dfcabc39af99d .av-seperator-icon{\ncolor:#e5c80c;\n}\n.hr.av-9sjihb-0330d60b2a22965e351dfcabc39af99d .av-seperator-icon.avia-svg-icon svg:first-child{\nfill:#e5c80c;\nstroke:#e5c80c;\n}\n<\/style>\n<div  class='hr av-9sjihb-0330d60b2a22965e351dfcabc39af99d hr-custom  avia-builder-el-4  el_after_av_one_full  el_before_av_one_full  hr-center hr-icon-yes'><span class='hr-inner inner-border-av-border-fat'><span class=\"hr-inner-style\"><\/span><\/span><span class='av-seperator-icon avia-iconfont avia-font-entypo-fontello' data-av_icon='\ue8ce' data-av_iconfont='entypo-fontello' ><\/span><span class='hr-inner inner-border-av-border-fat'><span class=\"hr-inner-style\"><\/span><\/span><\/div>\n\n<style type=\"text\/css\" data-created_by=\"avia_inline_auto\" id=\"style-css-av-6otbu6-e2d1b84657ece56992b51857f796a36a\">\n.flex_column.av-6otbu6-e2d1b84657ece56992b51857f796a36a{\nborder-radius:0px 0px 0px 0px;\npadding:0px 0px 0px 0px;\n}\n<\/style>\n<div  class='flex_column av-6otbu6-e2d1b84657ece56992b51857f796a36a av_one_full  avia-builder-el-5  el_after_av_hr  avia-builder-el-last  first flex_column_div av-animated-generic bottom-to-top av-zero-column-padding  '     ><section  class='av_textblock_section av-6g4tu6-efdb14a16d3fa2c6ee02c7090410dafc '   itemscope=\"itemscope\" itemtype=\"https:\/\/schema.org\/CreativeWork\" ><div class='avia_textblock'  itemprop=\"text\" ><p>Hotel Klostergarten<br \/>\nKlostergarten 1<br \/>\n47623 Kevelaer<\/p>\n<p>Tel.: 02832 \/ 9250-100<br \/>\nFax: 02832 \/ 9250-167<\/p>\n<p>Mail: info(at)hotel-klostergarten.eu<\/p>\n<p><strong>Allgemeine Gesch\u00e4ftsbedingungen:<\/strong><\/p>\n<p>www.hotel-klostergarten.eu\/agb.pdf<\/p>\n<p><strong>Anbieter dieser Internetpr\u00e4senz ist im Rechtssinne:<\/strong><\/p>\n<p>caritas-betriebe gemeinn\u00fctzige GmbH<\/p>\n<p>S\u00fcdwall 1-5, 47608 Geldern<br \/>\nTel. 02831 9395-0<br \/>\nFax 02831 9395-60<\/p>\n<p><strong>Handelsregisternr.:<\/strong> HRB 8971 (Amtsgericht Kleve)<\/p>\n<p><strong>Gesch\u00e4ftsf\u00fchrer:<\/strong> Andreas Becker, Karl D\u00f6ring<\/p>\n<p><strong>Vorsitzender des Aufsichtsrates:<\/strong> Ulrich Wolken<\/p>\n<p><strong>Umsatzsteueridentifikationsnummer:<\/strong><\/p>\n<p>USt-ID: DE204018633<\/p>\n<p><strong>Redaktionsverantwortlich:<\/strong><\/p>\n<p>Tobias Kleinebrahm<br \/>\nStabsstelle Kommunikation<br \/>\nCaritasverband Geldern-Kevelaer e.V.<br \/>\nS\u00fcdwall 1-5, 47608 Geldern<br \/>\nTel. 02831 9395-16<br \/>\nFax 02831 9395-60<br \/>\nkleinebrahm(at)caritas-geldern.de<\/p>\n<p><strong>Imagevideo\/Fotos:<\/strong><\/p>\n<p>Daniel Sturm &#8211; Hotelvideo Produktion Deutschland<br \/>\nTobias Kleinebrahm &#8211; Caritasverband Geldern-Kevelaer e.V.<br \/>\nWallfahrtsleitung Kevelaer<\/p>\n<p><strong>Haftungsausschluss:<\/strong><\/p>\n<p>Wir sind um Richtigkeit und Aktualit\u00e4t der auf dieser Internetpr\u00e4senz bereitgestellten Informationen bem\u00fcht. Trotzdem k\u00f6nnen Fehler und Unklarheiten nicht vollst\u00e4ndig ausgeschlossen werden. Wir \u00fcbernehmen deshalb keine Gew\u00e4hr f\u00fcr die Aktualit\u00e4t, Richtigkeit, Vollst\u00e4ndigkeit oder Qualit\u00e4t der bereitgestellten Informationen. F\u00fcr Sch\u00e4den materieller oder immaterieller Art, die durch die Nutzung oder Nichtnutzung der dargebotenen Informationen bzw. durch die Nutzung fehlerhafter und unvollst\u00e4ndiger Informationen unmittelbar oder mittelbar verursacht werden, haften wir nicht, sofern uns nicht nachweislich vors\u00e4tzliches oder grob fahrl\u00e4ssiges Verschulden zur Last f\u00e4llt. Gleiches gilt f\u00fcr Downloads auf unserer Seite. Wir behalten uns vor, Teile des Internetangebots oder das gesamte Angebot ohne gesonderte Ank\u00fcndigung zu ver\u00e4ndern, zu erg\u00e4nzen, zu l\u00f6schen oder die Ver\u00f6ffentlichung zeitweise oder endg\u00fcltig einzustellen.<\/p>\n<p>Die Verantwortlichkeit f\u00fcr &#8220;fremde Inhalte&#8221;, die beispielsweise durch direkte oder indirekte Verkn\u00fcpfungen (z.B. sogenannte &#8220;Links&#8221;) zu anderen Anbietern bereitgehalten werden, setzt unter anderem positive Kenntnis des rechtswidrigen bzw. strafbaren Inhaltes voraus. &#8220;Fremde Inhalte&#8221; sind in geeigneter Weise gekennzeichnet. Wir haben auf &#8220;fremde Inhalte&#8221; keinerlei Einfluss und macht sich diese Inhalte auch nicht zu eigen. Wir haben keine positive Kenntnis \u00fcber rechtswidrige oder anst\u00f6\u00dfige Inhalte auf den verkn\u00fcpften Seiten fremder Anbieter. Sollten auf den verkn\u00fcpften Seiten fremder Anbieter dennoch rechtswidrige oder anst\u00f6\u00dfige Inhalte enthalten sein, so distanzieren wir uns von diesen Inhalten ausdr\u00fccklich.<\/p>\n<p><strong>Informationen zur Online-Streitbeilegung<\/strong><\/p>\n<p>Die EU-Kommission hat eine Internetplattform zur Online-Beilegung von Streitigkeiten (sog. &#8220;OS-Plattform&#8221;) geschaffen. Die OS-Plattform dient als Anlaufstelle zur au\u00dfergerichtlichen Beilegung von Streitigkeiten, die aus Online-Dienstleistungsvertr\u00e4gen erwachsen. Die OS-Plattform wird unter dem folgenden Link erreicht: http:\/\/ec.europa.eu\/consumers\/odr\/<\/p>\n<p><strong>Au\u00dfergerichtliche Streitschlichtung<\/strong><\/p>\n<p>Zur Teilnahme an einem Streitbeilegungsverfahren vor einer Verbraucherschlichtungsstelle nach dem &#8220;Gesetz \u00fcber die alternative Streitbeilegung in Verbrauchersachen (VSBG)&#8221; sind wir nicht bereit und nicht verpflichtet.<\/p>\n<\/div><\/section><\/div>\n","protected":false},"excerpt":{"rendered":"","protected":false},"author":1,"featured_media":0,"parent":0,"menu_order":0,"comment_status":"closed","ping_status":"closed","template":"","meta":{"footnotes":""},"class_list":["post-986","page","type-page","status-publish","hentry"],"_links":{"self":[{"href":"https:\/\/hotel-klostergarten.eu\/en\/wp-json\/wp\/v2\/pages\/986","targetHints":{"allow":["GET"]}}],"collection":[{"href":"https:\/\/hotel-klostergarten.eu\/en\/wp-json\/wp\/v2\/pages"}],"about":[{"href":"https:\/\/hotel-klostergarten.eu\/en\/wp-json\/wp\/v2\/types\/page"}],"author":[{"embeddable":true,"href":"https:\/\/hotel-klostergarten.eu\/en\/wp-json\/wp\/v2\/users\/1"}],"replies":[{"embeddable":true,"href":"https:\/\/hotel-klostergarten.eu\/en\/wp-json\/wp\/v2\/comments?post=986"}],"version-history":[{"count":3,"href":"https:\/\/hotel-klostergarten.eu\/en\/wp-json\/wp\/v2\/pages\/986\/revisions"}],"predecessor-version":[{"id":989,"href":"https:\/\/hotel-klostergarten.eu\/en\/wp-json\/wp\/v2\/pages\/986\/revisions\/989"}],"wp:attachment":[{"href":"https:\/\/hotel-klostergarten.eu\/en\/wp-json\/wp\/v2\/media?parent=986"}],"curies":[{"name":"wp","href":"https:\/\/api.w.org\/{rel}","templated":true}]}}